{"id":111,"date":"2014-03-09T22:53:48","date_gmt":"2014-03-09T20:53:48","guid":{"rendered":"http:\/\/schicht16.de\/?page_id=111"},"modified":"2015-07-21T22:07:51","modified_gmt":"2015-07-21T20:07:51","slug":"nachbarschaft","status":"publish","type":"page","link":"http:\/\/schicht16.de\/?page_id=111","title":{"rendered":"Nachbarschaft"},"content":{"rendered":"<div class=\"su-row\"><div class=\"su-column su-column-size-2-3\"><div class=\"su-column-inner su-u-clearfix su-u-trim\">\n<p>Die Nachbarschaft des Schicht 16 umfasst folgende Stra\u00dfen:<br \/>\n<div class=\"su-list\" style=\"margin-left:0px\">\n<ul>\n<li><i class=\"sui sui-angle-right\" style=\"color:#333\"><\/i> H\u00f6rder Stra\u00dfe (n\u00f6rdlich der Autobahn)<\/li>\n<li><i class=\"sui sui-angle-right\" style=\"color:#333\"><\/i> Bergstra\u00dfe<\/li>\n<li><i class=\"sui sui-angle-right\" style=\"color:#333\"><\/i> Kleine Bergstra\u00dfe<\/li>\n<li><i class=\"sui sui-angle-right\" style=\"color:#333\"><\/i> Bergerhofweg<\/li>\n<li><i class=\"sui sui-angle-right\" style=\"color:#333\"><\/i> Alter Dortmunder Weg (n\u00f6rdlich der Autobahn)<\/li>\n<li><i class=\"sui sui-angle-right\" style=\"color:#333\"><\/i> Heidestra\u00dfe (bis Sch\u00fctzenheim)<\/li>\n<li><i class=\"sui sui-angle-right\" style=\"color:#333\"><\/i> Waldstra\u00dfe (bis Haus Nr. 16)<\/li>\n<li><i class=\"sui sui-angle-right\" style=\"color:#333\"><\/i> Schmalzkamp<\/li>\n<li><i class=\"sui sui-angle-right\" style=\"color:#333\"><\/i> F\u00f6rsterweg<\/li>\n<li><i class=\"sui sui-angle-right\" style=\"color:#333\"><\/i> Theilskamp<\/li>\n<li><i class=\"sui sui-angle-right\" style=\"color:#333\"><\/i> Sohlsiepen<\/li>\n<li><i class=\"sui sui-angle-right\" style=\"color:#333\"><\/i> Heidekamp<\/li>\n<\/ul>\n<\/div><\/div><\/div>\n<div class=\"su-column su-column-size-1-3\"><div class=\"su-column-inner su-u-clearfix su-u-trim\"><div class=\"su-service\"><div class=\"su-service-title\" style=\"padding-left:54px;min-height:40px;line-height:40px\"><i class=\"sui sui-globe\" style=\"font-size:40px;color:#333\"><\/i> Kartenansicht<\/div><div class=\"su-service-content su-u-clearfix su-u-trim\" style=\"padding-left:54px\"><span class=\"su-lightbox\" data-mfp-src=\"https:\/\/mapsengine.google.com\/map\/embed?mid=zI9jvcgZDmgg.k46bZHSGqN9g\" data-mfp-type=\"iframe\" data-mobile=\"yes\"><a href=\"http:\/\/schicht16.de\" class=\"su-button su-button-style-default\" style=\"color:#FFFFFF;background-color:#ff7f00;border-color:#cc6600;border-radius:5px\" target=\"_self\"><span style=\"color:#FFFFFF;padding:6px 16px;font-size:13px;line-height:20px;border-color:#ffa64d;border-radius:5px;text-shadow:none\"><i class=\"sui sui-globe\" style=\"font-size:13px;color:#FFFFFF\"><\/i> Nachbarschaft Schicht 16<\/span><\/a><\/span><\/div><\/div><\/div><\/div><\/div>\n","protected":false},"excerpt":{"rendered":"","protected":false},"author":1,"featured_media":0,"parent":35,"menu_order":0,"comment_status":"closed","ping_status":"closed","template":"","meta":{"ngg_post_thumbnail":0},"_links":{"self":[{"href":"http:\/\/schicht16.de\/index.php?rest_route=\/wp\/v2\/pages\/111"}],"collection":[{"href":"http:\/\/schicht16.de\/index.php?rest_route=\/wp\/v2\/pages"}],"about":[{"href":"http:\/\/schicht16.de\/index.php?rest_route=\/wp\/v2\/types\/page"}],"author":[{"embeddable":true,"href":"http:\/\/schicht16.de\/index.php?rest_route=\/wp\/v2\/users\/1"}],"replies":[{"embeddable":true,"href":"http:\/\/schicht16.de\/index.php?rest_route=%2Fwp%2Fv2%2Fcomments&post=111"}],"version-history":[{"count":14,"href":"http:\/\/schicht16.de\/index.php?rest_route=\/wp\/v2\/pages\/111\/revisions"}],"predecessor-version":[{"id":140,"href":"http:\/\/schicht16.de\/index.php?rest_route=\/wp\/v2\/pages\/111\/revisions\/140"}],"up":[{"embeddable":true,"href":"http:\/\/schicht16.de\/index.php?rest_route=\/wp\/v2\/pages\/35"}],"wp:attachment":[{"href":"http:\/\/schicht16.de\/index.php?rest_route=%2Fwp%2Fv2%2Fmedia&parent=111"}],"curies":[{"name":"wp","href":"https:\/\/api.w.org\/{rel}","templated":true}]}}