{"id":41,"date":"2014-03-08T19:25:18","date_gmt":"2014-03-08T17:25:18","guid":{"rendered":"http:\/\/schicht16.de\/?page_id=41"},"modified":"2017-02-05T12:44:47","modified_gmt":"2017-02-05T10:44:47","slug":"aktivitaeten","status":"publish","type":"page","link":"http:\/\/schicht16.de\/?page_id=41","title":{"rendered":"Aktivit\u00e4ten"},"content":{"rendered":"<p>Das Schicht 16 Schwerterheide f\u00fchrt auch in jedem Jahr gr\u00f6\u00dfere und kleinere  Veranstaltungen durch.<\/p>\n<div class=\"su-spoiler su-spoiler-style-simple su-spoiler-icon-chevron su-spoiler-closed\" data-scroll-offset=\"0\" data-anchor-in-url=\"no\"><div class=\"su-spoiler-title\" tabindex=\"0\" role=\"button\"><span class=\"su-spoiler-icon\"><\/span>Das Schichtfest<\/div><div class=\"su-spoiler-content su-u-clearfix su-u-trim\">\n<p>H\u00f6hepunkt des Schichtjahres ist jeweils im M\u00e4rz ein gro\u00dfes Schichtfest. Auf diesem endet die Amtszeit des alten Schichtmeisterpaares und das neue Schichtmeisterpaar \u00fcbernimmt 0.00<br \/>\nUhr mit der traditionellen Schichtkette die Leitung des Schichtes 16 f\u00fcr ein Jahr.<br \/>\nDie Kette wird traditionell von Schriftf\u00fchrer Bernd Engelhardt \u00fcbergeben.<br \/>\n<\/div><\/div>\n<div class=\"su-spoiler su-spoiler-style-simple su-spoiler-icon-chevron su-spoiler-closed\" data-scroll-offset=\"0\" data-anchor-in-url=\"no\"><div class=\"su-spoiler-title\" tabindex=\"0\" role=\"button\"><span class=\"su-spoiler-icon\"><\/span>Die Hubertusmesse<\/div><div class=\"su-spoiler-content su-u-clearfix su-u-trim\">\n<p>32  Mal fand bisher die \u00f6kumenische Hubertusmesse im herbstlichen Schwerterwald am Kreuz hinter dem Freisch\u00fctz statt. Im Beisein der Vertreter von Vereinen des Schichtwesens und des Sch\u00fctzenwesens  nehmen viele Nachbarinnen und Nachbarn sowie G\u00e4ste aus Nah und Fern an dem \u00f6kumenischen Gottesdienst teil.<\/p>\n<p>Immer wieder tragen das Paderborner Jagdhornbl\u00e4sercorps zum musikalischen Gelingen der  Messe bei. Dieser \u00f6kumenische Gottesdienst wird von evangelischen und Katholischen Geistlichen aus Schwerte gemeinsam gestaltet. Die Schichtmeister von Schicht 16 Schwerterheide k\u00f6nnen regelm\u00e4\u00dfig viele Besucher und Ehreng\u00e4ste begr\u00fc\u00dfen. In den Ansprachen wird immer wieder auf die Bedeutung des Kreuzes im Schwerter Wald hinter dem Freisch\u00fctz hingewiesen, das die Erinnerung an die Toten des Zweiten Weltkrieges tr\u00e4gt und als Mahnung gilt, dass es nie wieder Krieg geben m\u00f6ge. Auch soll das Mahnmal, das vor 26 Jahren von Schicht 16 erbaut wurde, an die gemeinschaftliche Aufgabe guter nachbarschaftlicher Beziehungen erinnern. Schicht 16 ist stolz darauf, dass eine so wichtige Veranstaltung zur Tradition geworden ist.<\/p>\n<p>Finanziell unterst\u00fctzt wird Schicht 16 bei der Organisation der Hubertusmesse von der Stadt Schwerte, dem Kreis Unna sowie der Stadtsparkasse Schwerte. Auch wird eine Kollekte gesammelt.<br \/>\n<\/div><\/div>\n<div class=\"su-spoiler su-spoiler-style-simple su-spoiler-icon-chevron su-spoiler-closed\" data-scroll-offset=\"0\" data-anchor-in-url=\"no\"><div class=\"su-spoiler-title\" tabindex=\"0\" role=\"button\"><span class=\"su-spoiler-icon\"><\/span>Touristische Fahrten<\/div><div class=\"su-spoiler-content su-u-clearfix su-u-trim\">\n<p>In jedem Jahr bietet das amtierende Schichtmeisterpaar den Nachbarinnen und Nachbarn eine oder mehrere ereignisreiche Fahrten an. So ging es dieses Jahr in den Signal Iduna Park &#8211; Stadion des BVB, zu einer Stadionf\u00fchrung. Es gab Fahrten mit \u00dcbernachtung in den Spessart oder zu dem Weinort Oberheimbach am Mittelrhein, zum Zwischenahner Meer, in den Harz und nach Arnheim. Oder vielen anderen Zielen in Deutschland.  Gemeinsam besuchten die Nachbarn den Weihnachtsmarkt in Soest und Siegburg.<br \/>\n<\/div><\/div>\n<div class=\"su-spoiler su-spoiler-style-simple su-spoiler-icon-chevron su-spoiler-closed\" data-scroll-offset=\"0\" data-anchor-in-url=\"no\"><div class=\"su-spoiler-title\" tabindex=\"0\" role=\"button\"><span class=\"su-spoiler-icon\"><\/span>Die Weihnachtsfeier<\/div><div class=\"su-spoiler-content su-u-clearfix su-u-trim\">\n<p>Traditionell findet Anfang Dezember eines jeden Jahres eine  besinnliche Weihnachtsfeier statt. Dabei werden die Kleinen vom Nikolaus beschenkt.<br \/>\n<\/div><\/div>\n<div class=\"su-spoiler su-spoiler-style-simple su-spoiler-icon-chevron su-spoiler-closed\" data-scroll-offset=\"0\" data-anchor-in-url=\"no\"><div class=\"su-spoiler-title\" tabindex=\"0\" role=\"button\"><span class=\"su-spoiler-icon\"><\/span>Das Schicht 16 und die Vereine auf der Heide<\/div><div class=\"su-spoiler-content su-u-clearfix su-u-trim\">\n<p>Sehr eng verwoben sind die Nachbarinnen und Nachbarn von Schicht 16 mit den Vereinen auf der Schwerterheide. So gibt es enge Verbindungen und Gemeinsamkeiten zum B\u00fcrgersch\u00fctzenverein Schwerterheide, zur Liedertafel, zu den Naturfreunden und Gartenbauverein.<br \/>\n<\/div><\/div>\n<div class=\"su-spoiler su-spoiler-style-simple su-spoiler-icon-chevron su-spoiler-closed\" data-scroll-offset=\"0\" data-anchor-in-url=\"no\"><div class=\"su-spoiler-title\" tabindex=\"0\" role=\"button\"><span class=\"su-spoiler-icon\"><\/span>Weitere Aktivit\u00e4ten<\/div><div class=\"su-spoiler-content su-u-clearfix su-u-trim\">\n<div class=\"su-list\" style=\"margin-left:0px\">\n<ul>\n<li><i class=\"sui sui-angle-right\" style=\"color:#333\"><\/i> Begr\u00fcnung der Schallschutzmauer an der BAB 1<\/li>\n<li><i class=\"sui sui-angle-right\" style=\"color:#333\"><\/i> Baumpflanzaktion im Bereich Heidekamp<\/li>\n<li><i class=\"sui sui-angle-right\" style=\"color:#333\"><\/i> Spender einer Sitzbank f\u00fcr den Schwerterwald<\/li>\n<li><i class=\"sui sui-angle-right\" style=\"color:#333\"><\/i> Aufstellen von 8 Sitzb\u00e4nken im Schwerterwald<\/li>\n<\/ul>\n<\/div>\n<p>Jeweils gemeinsam mit dem SPD-Ortsverein Schwerte-Nord<br \/>\n<\/div><\/div>\n","protected":false},"excerpt":{"rendered":"<p>Das Schicht 16 Schwerterheide f\u00fchrt auch in jedem Jahr gr\u00f6\u00dfere und kleinere Veranstaltungen durch.<\/p>\n","protected":false},"author":1,"featured_media":0,"parent":35,"menu_order":0,"comment_status":"closed","ping_status":"closed","template":"","meta":{"ngg_post_thumbnail":0},"_links":{"self":[{"href":"http:\/\/schicht16.de\/index.php?rest_route=\/wp\/v2\/pages\/41"}],"collection":[{"href":"http:\/\/schicht16.de\/index.php?rest_route=\/wp\/v2\/pages"}],"about":[{"href":"http:\/\/schicht16.de\/index.php?rest_route=\/wp\/v2\/types\/page"}],"author":[{"embeddable":true,"href":"http:\/\/schicht16.de\/index.php?rest_route=\/wp\/v2\/users\/1"}],"replies":[{"embeddable":true,"href":"http:\/\/schicht16.de\/index.php?rest_route=%2Fwp%2Fv2%2Fcomments&post=41"}],"version-history":[{"count":6,"href":"http:\/\/schicht16.de\/index.php?rest_route=\/wp\/v2\/pages\/41\/revisions"}],"predecessor-version":[{"id":2139,"href":"http:\/\/schicht16.de\/index.php?rest_route=\/wp\/v2\/pages\/41\/revisions\/2139"}],"up":[{"embeddable":true,"href":"http:\/\/schicht16.de\/index.php?rest_route=\/wp\/v2\/pages\/35"}],"wp:attachment":[{"href":"http:\/\/schicht16.de\/index.php?rest_route=%2Fwp%2Fv2%2Fmedia&parent=41"}],"curies":[{"name":"wp","href":"https:\/\/api.w.org\/{rel}","templated":true}]}}